{"id":2595,"date":"2022-08-29T06:54:21","date_gmt":"2022-08-29T06:54:21","guid":{"rendered":"https:\/\/demo2wpopal.b-cdn.net\/grenda2\/?page_id=2595"},"modified":"2025-07-17T08:02:23","modified_gmt":"2025-07-17T08:02:23","slug":"gallery","status":"publish","type":"page","link":"https:\/\/yan-catering.com\/index.php\/gallery\/","title":{"rendered":"Gallery"},"content":{"rendered":"\t\t<div data-elementor-type=\"wp-page\" data-elementor-id=\"2595\" class=\"elementor elementor-2595\">\n\t\t\t\t\t\t<div class=\"elementor-section elementor-top-section elementor-element elementor-element-633fded elementor-section-full_width elementor-section-stretched elementor-section-height-default elementor-section-height-default\" data-id=\"633fded\" data-element_type=\"section\" data-settings=\"{&quot;stretch_section&quot;:&quot;section-stretched&quot;}\">\n\t\t\t\t\t\t<div class=\"elementor-container elementor-column-gap-no\">\n\t\t\t\t\t<div class=\"elementor-column elementor-col-100 elementor-top-column elementor-element elementor-element-d31b989\" data-id=\"d31b989\" data-element_type=\"column\">\n\t\t\t<div class=\"elementor-widget-wrap elementor-element-populated\">\n\t\t\t\t\t\t<div class=\"elementor-element elementor-element-1f52afe elementor-widget elementor-widget-heading\" data-id=\"1f52afe\" data-element_type=\"widget\" data-widget_type=\"heading.default\">\n\t\t\t\t\t<h2 class=\"elementor-heading-title elementor-size-default\">D\u00e9couvrez notre collection de r\u00e9alisations \u00e9v\u00e9nementielles, con\u00e7ues par la soci\u00e9t\u00e9 EURL Yan Catering.\n\n<\/h2>\t\t\t\t<\/div>\n\t\t\t\t<div class=\"elementor-section elementor-inner-section elementor-element elementor-element-24e1d76 elementor-section-full_width elementor-section-height-default elementor-section-height-default\" data-id=\"24e1d76\" data-element_type=\"section\">\n\t\t\t\t\t\t<div class=\"elementor-container elementor-column-gap-no\">\n\t\t\t\t\t<div class=\"elementor-column elementor-col-33 elementor-inner-column elementor-element elementor-element-bb2ab16\" data-id=\"bb2ab16\" data-element_type=\"column\">\n\t\t\t<div class=\"elementor-widget-wrap elementor-element-populated\">\n\t\t\t\t\t\t<div class=\"elementor-element elementor-element-4a7ad3a image-style-grenda2-yes elementor-widget elementor-widget-image\" data-id=\"4a7ad3a\" data-element_type=\"widget\" data-widget_type=\"image.default\">\n\t\t\t\t\t\t\t\t\t\t\t\t\t\t\t\t<a href=\"https:\/\/yan-catering.com\/wp-content\/uploads\/2025\/07\/WhatsApp-Image-2025-07-14-at-18.49.28_27ff1e98.jpg\" data-elementor-open-lightbox=\"yes\" data-elementor-lightbox-title=\"WhatsApp Image 2025-07-14 at 18.49.28_27ff1e98\" data-e-action-hash=\"#elementor-action%3Aaction%3Dlightbox%26settings%3DeyJpZCI6MzcxNSwidXJsIjoiaHR0cHM6XC9cL3lhbi1jYXRlcmluZy5jb21cL3dwLWNvbnRlbnRcL3VwbG9hZHNcLzIwMjVcLzA3XC9XaGF0c0FwcC1JbWFnZS0yMDI1LTA3LTE0LWF0LTE4LjQ5LjI4XzI3ZmYxZTk4LmpwZyJ9\">\n\t\t\t\t\t\t\t<img fetchpriority=\"high\" decoding=\"async\" width=\"712\" height=\"600\" src=\"https:\/\/yan-catering.com\/wp-content\/uploads\/2025\/07\/WhatsApp-Image-2025-07-14-at-18.49.28_27ff1e98.jpg\" class=\"attachment-full size-full wp-image-3715\" alt=\"\" srcset=\"https:\/\/yan-catering.com\/wp-content\/uploads\/2025\/07\/WhatsApp-Image-2025-07-14-at-18.49.28_27ff1e98.jpg 712w, https:\/\/yan-catering.com\/wp-content\/uploads\/2025\/07\/WhatsApp-Image-2025-07-14-at-18.49.28_27ff1e98-300x253.jpg 300w\" sizes=\"(max-width: 712px) 100vw, 712px\" \/>\t\t\t\t\t\t\t\t<\/a>\n\t\t\t\t\t\t\t\t\t\t\t\t\t\t\t<\/div>\n\t\t\t\t<div class=\"elementor-element elementor-element-7241dd0 image-style-grenda2-yes elementor-widget elementor-widget-image\" data-id=\"7241dd0\" data-element_type=\"widget\" data-widget_type=\"image.default\">\n\t\t\t\t\t\t\t\t\t\t\t\t\t\t\t\t<a href=\"https:\/\/yan-catering.com\/wp-content\/uploads\/2025\/07\/WhatsApp-Image-2025-07-14-at-18.49.31_41bf006b.jpg\" data-elementor-open-lightbox=\"yes\" data-elementor-lightbox-title=\"WhatsApp Image 2025-07-14 at 18.49.31_41bf006b\" data-e-action-hash=\"#elementor-action%3Aaction%3Dlightbox%26settings%3DeyJpZCI6MzcxOCwidXJsIjoiaHR0cHM6XC9cL3lhbi1jYXRlcmluZy5jb21cL3dwLWNvbnRlbnRcL3VwbG9hZHNcLzIwMjVcLzA3XC9XaGF0c0FwcC1JbWFnZS0yMDI1LTA3LTE0LWF0LTE4LjQ5LjMxXzQxYmYwMDZiLmpwZyJ9\">\n\t\t\t\t\t\t\t<img decoding=\"async\" width=\"720\" height=\"732\" src=\"https:\/\/yan-catering.com\/wp-content\/uploads\/2025\/07\/WhatsApp-Image-2025-07-14-at-18.49.31_41bf006b.jpg\" class=\"attachment-full size-full wp-image-3718\" alt=\"\" srcset=\"https:\/\/yan-catering.com\/wp-content\/uploads\/2025\/07\/WhatsApp-Image-2025-07-14-at-18.49.31_41bf006b.jpg 720w, https:\/\/yan-catering.com\/wp-content\/uploads\/2025\/07\/WhatsApp-Image-2025-07-14-at-18.49.31_41bf006b-295x300.jpg 295w\" sizes=\"(max-width: 720px) 100vw, 720px\" \/>\t\t\t\t\t\t\t\t<\/a>\n\t\t\t\t\t\t\t\t\t\t\t\t\t\t\t<\/div>\n\t\t\t\t\t<\/div>\n\t\t<\/div>\n\t\t\t\t<div class=\"elementor-column elementor-col-33 elementor-inner-column elementor-element elementor-element-bd483f0\" data-id=\"bd483f0\" data-element_type=\"column\">\n\t\t\t<div class=\"elementor-widget-wrap elementor-element-populated\">\n\t\t\t\t\t\t<div class=\"elementor-element elementor-element-6b7f014 image-style-grenda2-yes elementor-widget elementor-widget-image\" data-id=\"6b7f014\" data-element_type=\"widget\" data-widget_type=\"image.default\">\n\t\t\t\t\t\t\t\t\t\t\t\t\t\t\t\t<a href=\"https:\/\/yan-catering.com\/wp-content\/uploads\/2025\/07\/WhatsApp-Image-2025-07-14-at-18.49.25_f4d0e36e.jpg\" data-elementor-open-lightbox=\"yes\" data-elementor-lightbox-title=\"WhatsApp Image 2025-07-14 at 18.49.25_f4d0e36e\" data-e-action-hash=\"#elementor-action%3Aaction%3Dlightbox%26settings%3DeyJpZCI6MzcxNiwidXJsIjoiaHR0cHM6XC9cL3lhbi1jYXRlcmluZy5jb21cL3dwLWNvbnRlbnRcL3VwbG9hZHNcLzIwMjVcLzA3XC9XaGF0c0FwcC1JbWFnZS0yMDI1LTA3LTE0LWF0LTE4LjQ5LjI1X2Y0ZDBlMzZlLmpwZyJ9\">\n\t\t\t\t\t\t\t<img decoding=\"async\" width=\"403\" height=\"422\" src=\"https:\/\/yan-catering.com\/wp-content\/uploads\/2025\/07\/WhatsApp-Image-2025-07-14-at-18.49.25_f4d0e36e.jpg\" class=\"attachment-full size-full wp-image-3716\" alt=\"\" srcset=\"https:\/\/yan-catering.com\/wp-content\/uploads\/2025\/07\/WhatsApp-Image-2025-07-14-at-18.49.25_f4d0e36e.jpg 403w, https:\/\/yan-catering.com\/wp-content\/uploads\/2025\/07\/WhatsApp-Image-2025-07-14-at-18.49.25_f4d0e36e-286x300.jpg 286w\" sizes=\"(max-width: 403px) 100vw, 403px\" \/>\t\t\t\t\t\t\t\t<\/a>\n\t\t\t\t\t\t\t\t\t\t\t\t\t\t\t<\/div>\n\t\t\t\t<div class=\"elementor-element elementor-element-0988dfc image-style-grenda2-yes elementor-widget elementor-widget-image\" data-id=\"0988dfc\" data-element_type=\"widget\" data-widget_type=\"image.default\">\n\t\t\t\t\t\t\t\t\t\t\t\t\t\t\t\t<a href=\"https:\/\/yan-catering.com\/wp-content\/uploads\/2025\/07\/WhatsApp-Image-2025-07-14-at-18.49.25_6cf5c983.jpg\" data-elementor-open-lightbox=\"yes\" data-elementor-lightbox-title=\"WhatsApp Image 2025-07-14 at 18.49.25_6cf5c983\" data-e-action-hash=\"#elementor-action%3Aaction%3Dlightbox%26settings%3DeyJpZCI6MzcxOSwidXJsIjoiaHR0cHM6XC9cL3lhbi1jYXRlcmluZy5jb21cL3dwLWNvbnRlbnRcL3VwbG9hZHNcLzIwMjVcLzA3XC9XaGF0c0FwcC1JbWFnZS0yMDI1LTA3LTE0LWF0LTE4LjQ5LjI1XzZjZjVjOTgzLmpwZyJ9\">\n\t\t\t\t\t\t\t<img loading=\"lazy\" decoding=\"async\" width=\"668\" height=\"668\" src=\"https:\/\/yan-catering.com\/wp-content\/uploads\/2025\/07\/WhatsApp-Image-2025-07-14-at-18.49.25_6cf5c983.jpg\" class=\"attachment-full size-full wp-image-3719\" alt=\"\" srcset=\"https:\/\/yan-catering.com\/wp-content\/uploads\/2025\/07\/WhatsApp-Image-2025-07-14-at-18.49.25_6cf5c983.jpg 668w, https:\/\/yan-catering.com\/wp-content\/uploads\/2025\/07\/WhatsApp-Image-2025-07-14-at-18.49.25_6cf5c983-300x300.jpg 300w, https:\/\/yan-catering.com\/wp-content\/uploads\/2025\/07\/WhatsApp-Image-2025-07-14-at-18.49.25_6cf5c983-150x150.jpg 150w\" sizes=\"(max-width: 668px) 100vw, 668px\" \/>\t\t\t\t\t\t\t\t<\/a>\n\t\t\t\t\t\t\t\t\t\t\t\t\t\t\t<\/div>\n\t\t\t\t\t<\/div>\n\t\t<\/div>\n\t\t\t\t<div class=\"elementor-column elementor-col-33 elementor-inner-column elementor-element elementor-element-a8434cf\" data-id=\"a8434cf\" data-element_type=\"column\">\n\t\t\t<div class=\"elementor-widget-wrap elementor-element-populated\">\n\t\t\t\t\t\t<div class=\"elementor-element elementor-element-a49958c image-style-grenda2-yes elementor-widget elementor-widget-image\" data-id=\"a49958c\" data-element_type=\"widget\" data-widget_type=\"image.default\">\n\t\t\t\t\t\t\t\t\t\t\t\t\t\t\t\t<a href=\"https:\/\/yan-catering.com\/wp-content\/uploads\/2025\/07\/WhatsApp-Image-2025-07-14-at-18.49.27_6f575ced.jpg\" data-elementor-open-lightbox=\"yes\" data-elementor-lightbox-title=\"WhatsApp Image 2025-07-14 at 18.49.27_6f575ced\" data-e-action-hash=\"#elementor-action%3Aaction%3Dlightbox%26settings%3DeyJpZCI6MzcxNywidXJsIjoiaHR0cHM6XC9cL3lhbi1jYXRlcmluZy5jb21cL3dwLWNvbnRlbnRcL3VwbG9hZHNcLzIwMjVcLzA3XC9XaGF0c0FwcC1JbWFnZS0yMDI1LTA3LTE0LWF0LTE4LjQ5LjI3XzZmNTc1Y2VkLmpwZyJ9\">\n\t\t\t\t\t\t\t<img loading=\"lazy\" decoding=\"async\" width=\"720\" height=\"1081\" src=\"https:\/\/yan-catering.com\/wp-content\/uploads\/2025\/07\/WhatsApp-Image-2025-07-14-at-18.49.27_6f575ced.jpg\" class=\"attachment-full size-full wp-image-3717\" alt=\"\" srcset=\"https:\/\/yan-catering.com\/wp-content\/uploads\/2025\/07\/WhatsApp-Image-2025-07-14-at-18.49.27_6f575ced.jpg 720w, https:\/\/yan-catering.com\/wp-content\/uploads\/2025\/07\/WhatsApp-Image-2025-07-14-at-18.49.27_6f575ced-200x300.jpg 200w, https:\/\/yan-catering.com\/wp-content\/uploads\/2025\/07\/WhatsApp-Image-2025-07-14-at-18.49.27_6f575ced-682x1024.jpg 682w\" sizes=\"(max-width: 720px) 100vw, 720px\" \/>\t\t\t\t\t\t\t\t<\/a>\n\t\t\t\t\t\t\t\t\t\t\t\t\t\t\t<\/div>\n\t\t\t\t<div class=\"elementor-element elementor-element-f23109f image-style-grenda2-yes elementor-widget elementor-widget-image\" data-id=\"f23109f\" data-element_type=\"widget\" data-widget_type=\"image.default\">\n\t\t\t\t\t\t\t\t\t\t\t\t\t\t\t\t<a href=\"https:\/\/yan-catering.com\/wp-content\/uploads\/2025\/07\/WhatsApp-Image-2025-07-14-at-18.49.27_42ee723b.jpg\" data-elementor-open-lightbox=\"yes\" data-elementor-lightbox-title=\"WhatsApp Image 2025-07-14 at 18.49.27_42ee723b\" data-e-action-hash=\"#elementor-action%3Aaction%3Dlightbox%26settings%3DeyJpZCI6MzcyMCwidXJsIjoiaHR0cHM6XC9cL3lhbi1jYXRlcmluZy5jb21cL3dwLWNvbnRlbnRcL3VwbG9hZHNcLzIwMjVcLzA3XC9XaGF0c0FwcC1JbWFnZS0yMDI1LTA3LTE0LWF0LTE4LjQ5LjI3XzQyZWU3MjNiLmpwZyJ9\">\n\t\t\t\t\t\t\t<img loading=\"lazy\" decoding=\"async\" width=\"519\" height=\"728\" src=\"https:\/\/yan-catering.com\/wp-content\/uploads\/2025\/07\/WhatsApp-Image-2025-07-14-at-18.49.27_42ee723b.jpg\" class=\"attachment-full size-full wp-image-3720\" alt=\"\" srcset=\"https:\/\/yan-catering.com\/wp-content\/uploads\/2025\/07\/WhatsApp-Image-2025-07-14-at-18.49.27_42ee723b.jpg 519w, https:\/\/yan-catering.com\/wp-content\/uploads\/2025\/07\/WhatsApp-Image-2025-07-14-at-18.49.27_42ee723b-214x300.jpg 214w\" sizes=\"(max-width: 519px) 100vw, 519px\" \/>\t\t\t\t\t\t\t\t<\/a>\n\t\t\t\t\t\t\t\t\t\t\t\t\t\t\t<\/div>\n\t\t\t\t\t<\/div>\n\t\t<\/div>\n\t\t\t\t\t<\/div>\n\t\t<\/div>\n\t\t\t\t\t<\/div>\n\t\t<\/div>\n\t\t\t\t\t<\/div>\n\t\t<\/div>\n\t\t\t\t<div class=\"elementor-section elementor-top-section elementor-element elementor-element-00c637e elementor-section-full_width elementor-section-stretched elementor-section-height-default elementor-section-height-default\" data-id=\"00c637e\" data-element_type=\"section\" data-settings=\"{&quot;stretch_section&quot;:&quot;section-stretched&quot;,&quot;background_background&quot;:&quot;classic&quot;}\">\n\t\t\t\t\t\t\t<div class=\"elementor-background-overlay\"><\/div>\n\t\t\t\t\t\t\t<div class=\"elementor-container elementor-column-gap-no\">\n\t\t\t\t\t<div class=\"elementor-column elementor-col-100 elementor-top-column elementor-element elementor-element-64acd5c\" data-id=\"64acd5c\" data-element_type=\"column\">\n\t\t\t<div class=\"elementor-widget-wrap elementor-element-populated\">\n\t\t\t\t\t\t<div class=\"elementor-element elementor-element-d654ed6 elementor-widget elementor-widget-heading\" data-id=\"d654ed6\" data-element_type=\"widget\" data-widget_type=\"heading.default\">\n\t\t\t\t\t<h2 class=\"elementor-heading-title elementor-size-default\">\u00c9v\u00e9nements \u00e0 venir ? R\u00e9servez d\u00e8s maintenant !<\/h2>\t\t\t\t<\/div>\n\t\t\t\t<div class=\"elementor-element elementor-element-9df4aa5 elementor-widget elementor-widget-heading\" data-id=\"9df4aa5\" data-element_type=\"widget\" data-widget_type=\"heading.default\">\n\t\t\t\t\t<h2 class=\"elementor-heading-title elementor-size-default\">Faisons de vos \u00e9v\u00e9nements une r\u00e9ussite parfaite.<\/h2>\t\t\t\t<\/div>\n\t\t\t\t<div class=\"elementor-element elementor-element-4589b21 elementor-align-center elementor-widget elementor-widget-button\" data-id=\"4589b21\" data-element_type=\"widget\" data-widget_type=\"button.default\">\n\t\t\t\t\t\t\t\t\t\t<a class=\"elementor-button elementor-button-link elementor-size-lg\" href=\"https:\/\/yan-catering.com\/index.php\/contact\/\">\n\t\t\t\t\t\t<span class=\"elementor-button-content-wrapper\">\n\t\t\t\t\t\t\t\t\t<span class=\"elementor-button-text\">demander un devis<\/span>\n\t\t\t\t\t<\/span>\n\t\t\t\t\t<\/a>\n\t\t\t\t\t\t\t\t<\/div>\n\t\t\t\t\t<\/div>\n\t\t<\/div>\n\t\t\t\t\t<\/div>\n\t\t<\/div>\n\t\t\t\t<\/div>\n\t\t","protected":false},"excerpt":{"rendered":"<p>D\u00e9couvrez notre collection de r\u00e9alisations \u00e9v\u00e9nementielles, con\u00e7ues par la soci\u00e9t\u00e9 EURL Yan Catering. \u00c9v\u00e9nements \u00e0 venir ? R\u00e9servez d\u00e8s maintenant ! Faisons de vos \u00e9v\u00e9nements une r\u00e9ussite parfaite. demander un devis<\/p>\n","protected":false},"author":1,"featured_media":0,"parent":0,"menu_order":0,"comment_status":"closed","ping_status":"closed","template":"","meta":{"footnotes":""},"class_list":["post-2595","page","type-page","status-publish","hentry"],"_links":{"self":[{"href":"https:\/\/yan-catering.com\/index.php\/wp-json\/wp\/v2\/pages\/2595","targetHints":{"allow":["GET"]}}],"collection":[{"href":"https:\/\/yan-catering.com\/index.php\/wp-json\/wp\/v2\/pages"}],"about":[{"href":"https:\/\/yan-catering.com\/index.php\/wp-json\/wp\/v2\/types\/page"}],"author":[{"embeddable":true,"href":"https:\/\/yan-catering.com\/index.php\/wp-json\/wp\/v2\/users\/1"}],"replies":[{"embeddable":true,"href":"https:\/\/yan-catering.com\/index.php\/wp-json\/wp\/v2\/comments?post=2595"}],"version-history":[{"count":6,"href":"https:\/\/yan-catering.com\/index.php\/wp-json\/wp\/v2\/pages\/2595\/revisions"}],"predecessor-version":[{"id":3752,"href":"https:\/\/yan-catering.com\/index.php\/wp-json\/wp\/v2\/pages\/2595\/revisions\/3752"}],"wp:attachment":[{"href":"https:\/\/yan-catering.com\/index.php\/wp-json\/wp\/v2\/media?parent=2595"}],"curies":[{"name":"wp","href":"https:\/\/api.w.org\/{rel}","templated":true}]}}