{"id":116,"date":"2022-08-25T07:51:39","date_gmt":"2022-08-25T07:51:39","guid":{"rendered":"https:\/\/demo2wpopal.b-cdn.net\/grenda2\/?page_id=116"},"modified":"2025-08-12T20:39:18","modified_gmt":"2025-08-12T20:39:18","slug":"contact","status":"publish","type":"page","link":"https:\/\/yan-catering.com\/index.php\/contact\/","title":{"rendered":"Contact"},"content":{"rendered":"\t\t<div data-elementor-type=\"wp-page\" data-elementor-id=\"116\" class=\"elementor elementor-116\">\n\t\t\t\t<div class=\"elementor-element elementor-element-8e0f71c e-flex e-con-boxed e-con e-parent\" data-id=\"8e0f71c\" data-element_type=\"container\">\n\t\t\t\t\t<div class=\"e-con-inner\">\n\t\t\t\t<div class=\"elementor-element elementor-element-8111b11 elementor-widget elementor-widget-heading\" data-id=\"8111b11\" data-element_type=\"widget\" data-widget_type=\"heading.default\">\n\t\t\t\t\t<h2 class=\"elementor-heading-title elementor-size-default\"><h2 data-start=\"159\" data-end=\"185\">\ud83d\udcde <strong data-start=\"165\" data-end=\"185\">Demande de devis ?<\/strong><\/h2>\n<p data-start=\"187\" data-end=\"329\">Organisez un \u00e9v\u00e9nement ? Besoin d\u2019un service traiteur sur mesure ?<br data-start=\"253\" data-end=\"256\">\nNous sommes \u00e0 votre \u00e9coute pour vous proposer une solution personnalis\u00e9e.<\/p>\n<h3 data-start=\"331\" data-end=\"378\">\ud83d\udcdd <strong data-start=\"338\" data-end=\"378\">Plusieurs fa\u00e7ons de nous contacter :<\/strong><\/h3>\n<ul data-start=\"380\" data-end=\"882\">\n<li data-start=\"380\" data-end=\"484\">\n<p data-start=\"382\" data-end=\"484\">\ud83d\udcf1 <strong data-start=\"385\" data-end=\"402\">Par t\u00e9l\u00e9phone<\/strong> : Appelez-nous au <strong data-start=\"421\" data-end=\"439\">[0674 -14 84 65]<\/strong> pour discuter directement avec notre \u00e9quipe.<\/p>\n<\/li>\n<li data-start=\"485\" data-end=\"575\">\n<p data-start=\"487\" data-end=\"575\">\ud83c\udfe2 <strong data-start=\"490\" data-end=\"505\">En personne<\/strong> : Venez nous rendre visite dans notre Local n\u00b0 19, 1er \u00e9tage, dans le b\u00e2timent du lieu dit Thaburth T'qov\u025bin (Chef-lieu de Ouaguenoun)), Tizi Ouzou\n\n pour un \u00e9change convivial.<\/p>\n<\/li>\n<li data-start=\"576\" data-end=\"753\">\n<p data-start=\"578\" data-end=\"753\">\ud83c\udf10 <strong data-start=\"581\" data-end=\"604\">Formulaire en ligne<\/strong> :<br data-start=\"606\" data-end=\"609\">\n[<strong data-start=\"610\" data-end=\"672\">Remplissez le formulaire de demande de devis ci dessous <\/strong>]<br data-start=\"673\" data-end=\"676\">\n(Remplissez les d\u00e9tails de votre \u00e9v\u00e9nement, nous vous r\u00e9pondrons rapidement.)<\/p>\n<\/li>\n<li data-start=\"754\" data-end=\"882\">\n<p data-start=\"756\" data-end=\"882\">\ud83d\udce7 <strong data-start=\"759\" data-end=\"773\">Par e-mail<\/strong> :<br data-start=\"775\" data-end=\"778\">\nEnvoyez votre demande \u00e0 <strong data-start=\"802\" data-end=\"831\">[<a rel=\"noopener\">yancatrineg@gmail.com<\/a>]<\/strong><br data-start=\"831\" data-end=\"834\">\nNous vous r\u00e9pondrons dans les plus brefs d\u00e9lais.<\/p>\n<\/li>\n<\/ul>\n<\/h2>\t\t\t\t<\/div>\n\t\t\t\t\t<\/div>\n\t\t\t\t<\/div>\n\t\t<div class=\"elementor-element elementor-element-725d1b9 e-flex e-con-boxed e-con e-parent\" data-id=\"725d1b9\" data-element_type=\"container\">\n\t\t\t\t\t<div class=\"e-con-inner\">\n\t\t\t\t<div class=\"elementor-element elementor-element-097a7ba elementor-widget elementor-widget-heading\" data-id=\"097a7ba\" data-element_type=\"widget\" data-widget_type=\"heading.default\">\n\t\t\t\t\t<h1 class=\"elementor-heading-title elementor-size-default\">Formulaire de contact<\/h1>\t\t\t\t<\/div>\n\t\t\t\t\t<\/div>\n\t\t\t\t<\/div>\n\t\t<div class=\"elementor-element elementor-element-f1df425 e-flex e-con-boxed e-con e-parent\" data-id=\"f1df425\" data-element_type=\"container\">\n\t\t\t\t\t<div class=\"e-con-inner\">\n\t\t\n\t\t<div class=\"elementor-element elementor-element-d24588f elementor-widget elementor-widget-shortcode\" data-id=\"d24588f\" data-element_type=\"widget\" data-widget_type=\"shortcode.default\">\n\t\t\t\t\t\t\t<div class=\"elementor-shortcode\"><div class=\"wpforms-container wpforms-container-full wpforms-render-modern\" id=\"wpforms-3763\"><form id=\"wpforms-form-3763\" class=\"wpforms-validate wpforms-form wpforms-ajax-form\" data-formid=\"3763\" method=\"post\" enctype=\"multipart\/form-data\" action=\"\/index.php\/wp-json\/wp\/v2\/pages\/116\" data-token=\"807965dc85fc1168cf60adf0e0c40157\" data-token-time=\"1775364034\"><noscript class=\"wpforms-error-noscript\">Veuillez activer JavaScript dans votre navigateur pour remplir ce formulaire.<\/noscript><div id=\"wpforms-error-noscript\" style=\"display: none;\">Veuillez activer JavaScript dans votre navigateur pour remplir ce formulaire.<\/div><div class=\"wpforms-field-container\"><div id=\"wpforms-3763-field_2-container\" class=\"wpforms-field wpforms-field-name\" data-field-id=\"2\"><label class=\"wpforms-field-label\" for=\"wpforms-3763-field_2\">Nom\/ entreprise <span class=\"wpforms-required-label\" aria-hidden=\"true\">*<\/span><\/label><input type=\"text\" id=\"wpforms-3763-field_2\" class=\"wpforms-field-medium wpforms-field-required\" name=\"wpforms[fields][2]\" aria-errormessage=\"wpforms-3763-field_2-error\" required><\/div><div id=\"wpforms-3763-field_3-container\" class=\"wpforms-field wpforms-field-number\" data-field-id=\"3\"><label class=\"wpforms-field-label\" for=\"wpforms-3763-field_3\">Telephone <span class=\"wpforms-required-label\" aria-hidden=\"true\">*<\/span><\/label><input type=\"number\" id=\"wpforms-3763-field_3\" class=\"wpforms-field-medium wpforms-field-required\" name=\"wpforms[fields][3]\" step=\"any\" aria-errormessage=\"wpforms-3763-field_3-error\" required><\/div><div id=\"wpforms-3763-field_5-container\" class=\"wpforms-field wpforms-field-email\" data-field-id=\"5\"><label class=\"wpforms-field-label\" for=\"wpforms-3763-field_5\">E-mail <span class=\"wpforms-required-label\" aria-hidden=\"true\">*<\/span><\/label><input type=\"email\" id=\"wpforms-3763-field_5\" class=\"wpforms-field-medium wpforms-field-required\" name=\"wpforms[fields][5]\" spellcheck=\"false\" aria-errormessage=\"wpforms-3763-field_5-error\" required><\/div><div id=\"wpforms-3763-field_4-container\" class=\"wpforms-field wpforms-field-text\" data-field-id=\"4\"><label class=\"wpforms-field-label\" for=\"wpforms-3763-field_4\">Adresse \/ Lieu de prestation <span class=\"wpforms-required-label\" aria-hidden=\"true\">*<\/span><\/label><input type=\"text\" id=\"wpforms-3763-field_4\" class=\"wpforms-field-medium wpforms-field-required\" name=\"wpforms[fields][4]\" aria-errormessage=\"wpforms-3763-field_4-error\" required><\/div><div id=\"wpforms-3763-field_6-container\" class=\"wpforms-field wpforms-field-checkbox\" data-field-id=\"6\"><fieldset><legend class=\"wpforms-field-label\">Type d\u2019\u00e9v\u00e9nement <span class=\"wpforms-required-label\" aria-hidden=\"true\">*<\/span><\/legend><ul id=\"wpforms-3763-field_6\" class=\"wpforms-field-required\"><li class=\"choice-1 depth-1\"><input type=\"checkbox\" id=\"wpforms-3763-field_6_1\" name=\"wpforms[fields][6][]\" value=\"Mariage\" aria-errormessage=\"wpforms-3763-field_6_1-error\" required ><label class=\"wpforms-field-label-inline\" for=\"wpforms-3763-field_6_1\">Mariage<\/label><\/li><li class=\"choice-2 depth-1\"><input type=\"checkbox\" id=\"wpforms-3763-field_6_2\" name=\"wpforms[fields][6][]\" value=\"Cantines Entreprises et bases-vie\" aria-errormessage=\"wpforms-3763-field_6_2-error\" required ><label class=\"wpforms-field-label-inline\" for=\"wpforms-3763-field_6_2\">Cantines Entreprises et bases-vie<\/label><\/li><li class=\"choice-3 depth-1\"><input type=\"checkbox\" id=\"wpforms-3763-field_6_3\" name=\"wpforms[fields][6][]\" value=\"\u00c9v\u00e9nements professionnels (s\u00e9minaires, occasions sp\u00e9ciales)\" aria-errormessage=\"wpforms-3763-field_6_3-error\" required ><label class=\"wpforms-field-label-inline\" for=\"wpforms-3763-field_6_3\">\u00c9v\u00e9nements professionnels (s\u00e9minaires, occasions sp\u00e9ciales)<\/label><\/li><\/ul><\/fieldset><\/div><div id=\"wpforms-3763-field_7-container\" class=\"wpforms-field wpforms-field-number\" data-field-id=\"7\"><label class=\"wpforms-field-label\" for=\"wpforms-3763-field_7\">Nombre de personnes <span class=\"wpforms-required-label\" aria-hidden=\"true\">*<\/span><\/label><input type=\"number\" id=\"wpforms-3763-field_7\" class=\"wpforms-field-medium wpforms-field-required\" name=\"wpforms[fields][7]\" step=\"any\" aria-errormessage=\"wpforms-3763-field_7-error\" required><\/div><div id=\"wpforms-3763-field_8-container\" class=\"wpforms-field wpforms-field-radio\" data-field-id=\"8\"><fieldset><legend class=\"wpforms-field-label\">Besoin de personnel de service ?<\/legend><ul id=\"wpforms-3763-field_8\"><li class=\"choice-1 depth-1\"><input type=\"radio\" id=\"wpforms-3763-field_8_1\" name=\"wpforms[fields][8]\" value=\"oui\" aria-errormessage=\"wpforms-3763-field_8_1-error\"  ><label class=\"wpforms-field-label-inline\" for=\"wpforms-3763-field_8_1\">oui<\/label><\/li><li class=\"choice-2 depth-1\"><input type=\"radio\" id=\"wpforms-3763-field_8_2\" name=\"wpforms[fields][8]\" value=\"non\" aria-errormessage=\"wpforms-3763-field_8_2-error\"  ><label class=\"wpforms-field-label-inline\" for=\"wpforms-3763-field_8_2\">non<\/label><\/li><\/ul><\/fieldset><\/div><div id=\"wpforms-3763-field_9-container\" class=\"wpforms-field wpforms-field-radio\" data-field-id=\"9\"><fieldset><legend class=\"wpforms-field-label\">Location de mat\u00e9riel (tables, chaises, vaisselle) ? <\/legend><ul id=\"wpforms-3763-field_9\"><li class=\"choice-1 depth-1\"><input type=\"radio\" id=\"wpforms-3763-field_9_1\" name=\"wpforms[fields][9]\" value=\"oui\" aria-errormessage=\"wpforms-3763-field_9_1-error\"  ><label class=\"wpforms-field-label-inline\" for=\"wpforms-3763-field_9_1\">oui<\/label><\/li><li class=\"choice-2 depth-1\"><input type=\"radio\" id=\"wpforms-3763-field_9_2\" name=\"wpforms[fields][9]\" value=\"non\" aria-errormessage=\"wpforms-3763-field_9_2-error\"  ><label class=\"wpforms-field-label-inline\" for=\"wpforms-3763-field_9_2\">non<\/label><\/li><\/ul><\/fieldset><\/div>\t\t<div id=\"wpforms-3763-field_1-container\"\n\t\t\tclass=\"wpforms-field wpforms-field-text\"\n\t\t\tdata-field-type=\"text\"\n\t\t\tdata-field-id=\"1\"\n\t\t\t>\n\t\t\t<label class=\"wpforms-field-label\" for=\"wpforms-3763-field_1\" >Type service gluten,<\/label>\n\t\t\t<input type=\"text\" id=\"wpforms-3763-field_1\" class=\"wpforms-field-medium\" name=\"wpforms[fields][1]\" >\n\t\t<\/div>\n\t\t<div id=\"wpforms-3763-field_10-container\" class=\"wpforms-field wpforms-field-textarea\" data-field-id=\"10\"><label class=\"wpforms-field-label\" for=\"wpforms-3763-field_10\">Demandes particuli\u00e8res (Allergies, sans gluten, etc )<\/label><textarea id=\"wpforms-3763-field_10\" class=\"wpforms-field-medium\" name=\"wpforms[fields][10]\" aria-errormessage=\"wpforms-3763-field_10-error\" ><\/textarea><\/div><script>\n\t\t\t\t( function() {\n\t\t\t\t\tconst style = document.createElement( 'style' );\n\t\t\t\t\tstyle.appendChild( document.createTextNode( '#wpforms-3763-field_1-container { position: absolute !important; overflow: hidden !important; display: inline !important; height: 1px !important; width: 1px !important; z-index: -1000 !important; padding: 0 !important; } #wpforms-3763-field_1-container input { visibility: hidden; } #wpforms-conversational-form-page #wpforms-3763-field_1-container label { counter-increment: none; }' ) );\n\t\t\t\t\tdocument.head.appendChild( style );\n\t\t\t\t\tdocument.currentScript?.remove();\n\t\t\t\t} )();\n\t\t\t<\/script><\/div><!-- .wpforms-field-container --><div class=\"wpforms-submit-container\" ><input type=\"hidden\" name=\"wpforms[id]\" value=\"3763\"><input type=\"hidden\" name=\"page_title\" value=\"\"><input type=\"hidden\" name=\"page_url\" value=\"https:\/\/yan-catering.com\/index.php\/wp-json\/wp\/v2\/pages\/116\"><input type=\"hidden\" name=\"url_referer\" value=\"\"><button type=\"submit\" name=\"wpforms[submit]\" id=\"wpforms-submit-3763\" class=\"wpforms-submit\" data-alt-text=\"Envoi...\" data-submit-text=\"Demander un devis\" aria-live=\"assertive\" value=\"wpforms-submit\">Demander un devis<\/button><img decoding=\"async\" src=\"https:\/\/yan-catering.com\/wp-content\/plugins\/wpforms-lite\/assets\/images\/submit-spin.svg\" class=\"wpforms-submit-spinner\" style=\"display: none;\" width=\"26\" height=\"26\" alt=\"Chargement en cours\"><\/div><\/form><\/div>  <!-- .wpforms-container -->\t<\/div>\n\t\t\t\t\t\t<\/div>\n\t\t\t\t\t<\/div>\n\t\t\t\t<\/div>\n\t\t\t\t<\/div>\n\t\t","protected":false},"excerpt":{"rendered":"<p>\ud83d\udcde Demande de devis ? Organisez un \u00e9v\u00e9nement ? Besoin d\u2019un service traiteur sur mesure ? Nous sommes \u00e0 votre \u00e9coute pour vous proposer une solution personnalis\u00e9e. \ud83d\udcdd Plusieurs fa\u00e7ons de nous contacter : \ud83d\udcf1 Par t\u00e9l\u00e9phone : Appelez-nous au [0674 -14 84 65] pour discuter directement avec notre \u00e9quipe. \ud83c\udfe2 En personne : Venez [&hellip;]<\/p>\n","protected":false},"author":1,"featured_media":0,"parent":0,"menu_order":0,"comment_status":"closed","ping_status":"closed","template":"","meta":{"footnotes":""},"class_list":["post-116","page","type-page","status-publish","hentry"],"_links":{"self":[{"href":"https:\/\/yan-catering.com\/index.php\/wp-json\/wp\/v2\/pages\/116","targetHints":{"allow":["GET"]}}],"collection":[{"href":"https:\/\/yan-catering.com\/index.php\/wp-json\/wp\/v2\/pages"}],"about":[{"href":"https:\/\/yan-catering.com\/index.php\/wp-json\/wp\/v2\/types\/page"}],"author":[{"embeddable":true,"href":"https:\/\/yan-catering.com\/index.php\/wp-json\/wp\/v2\/users\/1"}],"replies":[{"embeddable":true,"href":"https:\/\/yan-catering.com\/index.php\/wp-json\/wp\/v2\/comments?post=116"}],"version-history":[{"count":21,"href":"https:\/\/yan-catering.com\/index.php\/wp-json\/wp\/v2\/pages\/116\/revisions"}],"predecessor-version":[{"id":3809,"href":"https:\/\/yan-catering.com\/index.php\/wp-json\/wp\/v2\/pages\/116\/revisions\/3809"}],"wp:attachment":[{"href":"https:\/\/yan-catering.com\/index.php\/wp-json\/wp\/v2\/media?parent=116"}],"curies":[{"name":"wp","href":"https:\/\/api.w.org\/{rel}","templated":true}]}}